{"id":50,"date":"2017-05-12T07:31:22","date_gmt":"2017-05-12T07:31:22","guid":{"rendered":"http:\/\/magrec.de\/?page_id=50"},"modified":"2022-01-03T12:45:35","modified_gmt":"2022-01-03T12:45:35","slug":"magnesium-spaene","status":"publish","type":"page","link":"https:\/\/magrec.de\/?page_id=50&lang=de","title":{"rendered":"Magnesium Sp\u00e4ne"},"content":{"rendered":"<p><a href=\"#more\"><\/p>\n<p>Magnesium Sp\u00e4ne<br \/>\n\t\t\t\t\t\t\t\t\t\t\t\t\t\t\t\t\t\t\t\t\t\t\t\t\t\t\t\t\t\t\t\t\t\t\t\t\t\t\t\tMagnesium Sp\u00e4ne sind wegen ihrer leichten Entz\u00fcndlichkeit ein Gefahrengut mit T\u00fccken.Wir haben f\u00fcr Sie die technische L\u00f6sung zur sicheren Aufbereitung.<\/p>\n<p><!-- .container --><br \/>\n\t\t\t\t\t\t\t\t <!-- .overlay --><\/p>\n<p><\/a><br \/>\n\t\t\t\t\t\t\t\t\t\t\t\t\t<a href=\"#more\"><\/p>\n<p>Magnesium Sp\u00e4ne<br \/>\n\t\t\t\t\t\t\t\t\t\t\t\t\t\t\t\t\t\t\t\t\t\t\t\t\t\t\t\t\t\t\t\t\t\t\t\t\t\t\t\tMagnesium Sp\u00e4ne sind wegen ihrer leichten Entz\u00fcndlichkeit ein Gefahrengut mit T\u00fccken.Wir haben f\u00fcr Sie die technische L\u00f6sung zur sicheren Aufbereitung.<\/p>\n<p><!-- .container --><br \/>\n\t\t\t\t\t\t\t\t <!-- .overlay --><\/p>\n<p><\/a><br \/>\n\t\t\t\t\t\t\t\t\t\t\t\t\t<a href=\"#more\"><\/p>\n<p>Magnesium Sp\u00e4ne<br \/>\n\t\t\t\t\t\t\t\t\t\t\t\t\t\t\t\t\t\t\t\t\t\t\t\t\t\t\t\t\t\t\t\t\t\t\t\t\t\t\t\tMagnesium Sp\u00e4ne sind wegen ihrer leichten Entz\u00fcndlichkeit ein Gefahrengut mit T\u00fccken.Wir haben f\u00fcr Sie die technische L\u00f6sung zur sicheren Aufbereitung.<\/p>\n<p><!-- .container --><br \/>\n\t\t\t\t\t\t\t\t <!-- .overlay --><\/p>\n<p><\/a><\/p>\n","protected":false},"excerpt":{"rendered":"<p class=\"excerpt\">Magnesium Sp\u00e4ne Magnesium Sp\u00e4ne sind wegen ihrer leichten Entz\u00fcndlichkeit ein Gefahrengut mit T\u00fccken.Wir haben f\u00fcr Sie die technische L\u00f6sung zur sicheren Aufbereitung. Magnesium Sp\u00e4ne Magnesium Sp\u00e4ne sind wegen ihrer leichten Entz\u00fcndlichkeit ein Gefahrengut mit T\u00fccken.Wir haben f\u00fcr Sie die technische L\u00f6sung zur sicheren Aufbereitung. Magnesium Sp\u00e4ne Magnesium Sp\u00e4ne sind wegen ihrer leichten Entz\u00fcndlichkeit ein Gefahrengut [&hellip;]<\/p>\n","protected":false},"author":1,"featured_media":0,"parent":22,"menu_order":10,"comment_status":"closed","ping_status":"closed","template":"builder.php","meta":[],"_links":{"self":[{"href":"https:\/\/magrec.de\/index.php?rest_route=\/wp\/v2\/pages\/50"}],"collection":[{"href":"https:\/\/magrec.de\/index.php?rest_route=\/wp\/v2\/pages"}],"about":[{"href":"https:\/\/magrec.de\/index.php?rest_route=\/wp\/v2\/types\/page"}],"author":[{"embeddable":true,"href":"https:\/\/magrec.de\/index.php?rest_route=\/wp\/v2\/users\/1"}],"replies":[{"embeddable":true,"href":"https:\/\/magrec.de\/index.php?rest_route=%2Fwp%2Fv2%2Fcomments&post=50"}],"version-history":[{"count":15,"href":"https:\/\/magrec.de\/index.php?rest_route=\/wp\/v2\/pages\/50\/revisions"}],"predecessor-version":[{"id":684,"href":"https:\/\/magrec.de\/index.php?rest_route=\/wp\/v2\/pages\/50\/revisions\/684"}],"up":[{"embeddable":true,"href":"https:\/\/magrec.de\/index.php?rest_route=\/wp\/v2\/pages\/22"}],"wp:attachment":[{"href":"https:\/\/magrec.de\/index.php?rest_route=%2Fwp%2Fv2%2Fmedia&parent=50"}],"curies":[{"name":"wp","href":"https:\/\/api.w.org\/{rel}","templated":true}]}}