{"id":46,"date":"2017-05-12T07:30:23","date_gmt":"2017-05-12T07:30:23","guid":{"rendered":"http:\/\/magrec.de\/?page_id=46"},"modified":"2022-01-03T12:45:35","modified_gmt":"2022-01-03T12:45:35","slug":"oeltrennung","status":"publish","type":"page","link":"https:\/\/magrec.de\/?page_id=46&lang=de","title":{"rendered":"\u00d6ltrennung"},"content":{"rendered":"<p><a href=\"#more\"><\/p>\n<p>\u00d6ltrennung<br \/>\n\t\t\t\t\t\t\t\t\t\t\t\t\t\t\t\t\t\t\t\t\t\t\t\t\t\t\t\t\t\t\t\t\t\t\t\t\t\t\t\tMagnesium-Sp\u00e4ne sind teilweise mit bis zu 40% Bearbeitungs\u00f6len behaftet. Wir trennen Sp\u00e4ne und \u00d6l.Dadurch k\u00f6nnen wir unseren Kunden die hochwertigen und teuren \u00d6le wieder zur\u00fcckstellen und schlie\u00dfen so den \u00d6l-Kreislauf.<\/p>\n<p><!-- .container --><br \/>\n\t\t\t\t\t\t\t\t <!-- .overlay --><\/p>\n<p><\/a><\/p>\n","protected":false},"excerpt":{"rendered":"<p class=\"excerpt\">\u00d6ltrennung Magnesium-Sp\u00e4ne sind teilweise mit bis zu 40% Bearbeitungs\u00f6len behaftet. Wir trennen Sp\u00e4ne und \u00d6l.Dadurch k\u00f6nnen wir unseren Kunden die hochwertigen und teuren \u00d6le wieder zur\u00fcckstellen und schlie\u00dfen so den \u00d6l-Kreislauf.<\/p>\n","protected":false},"author":1,"featured_media":0,"parent":22,"menu_order":8,"comment_status":"closed","ping_status":"closed","template":"builder.php","meta":[],"_links":{"self":[{"href":"https:\/\/magrec.de\/index.php?rest_route=\/wp\/v2\/pages\/46"}],"collection":[{"href":"https:\/\/magrec.de\/index.php?rest_route=\/wp\/v2\/pages"}],"about":[{"href":"https:\/\/magrec.de\/index.php?rest_route=\/wp\/v2\/types\/page"}],"author":[{"embeddable":true,"href":"https:\/\/magrec.de\/index.php?rest_route=\/wp\/v2\/users\/1"}],"replies":[{"embeddable":true,"href":"https:\/\/magrec.de\/index.php?rest_route=%2Fwp%2Fv2%2Fcomments&post=46"}],"version-history":[{"count":11,"href":"https:\/\/magrec.de\/index.php?rest_route=\/wp\/v2\/pages\/46\/revisions"}],"predecessor-version":[{"id":686,"href":"https:\/\/magrec.de\/index.php?rest_route=\/wp\/v2\/pages\/46\/revisions\/686"}],"up":[{"embeddable":true,"href":"https:\/\/magrec.de\/index.php?rest_route=\/wp\/v2\/pages\/22"}],"wp:attachment":[{"href":"https:\/\/magrec.de\/index.php?rest_route=%2Fwp%2Fv2%2Fmedia&parent=46"}],"curies":[{"name":"wp","href":"https:\/\/api.w.org\/{rel}","templated":true}]}}