{"id":442,"date":"2017-10-10T16:15:15","date_gmt":"2017-10-10T16:15:15","guid":{"rendered":"http:\/\/magrec.de\/?page_id=442"},"modified":"2022-01-03T12:45:35","modified_gmt":"2022-01-03T12:45:35","slug":"imprint","status":"publish","type":"page","link":"https:\/\/magrec.de\/?page_id=442&lang=en","title":{"rendered":"Imprint"},"content":{"rendered":"<p>Impressum<br \/>\n\t\t\t\t\t\t\t\t\t\t\t\t\t\t\t\t\t\t\t\t\t\t\t\t\t\t\t\t\t\t\t\t\t\t\t\t\tMagrec Recycling GmbHD-96524 F\u00f6ritztal OT F\u00f6ritz\/Th\u00fcringenSteinr\u00e4um 3Tel.: +49 (0) 36757579-48Fax.:+49 (0) 3675 7579-58e-mail:&nbsp;<a href=\"mailto:info@magrec.de\">info@magrec.de<\/a>Internet:&nbsp;<a href=\"http:\/\/www.magrec.de\/\">www.magrec.de<\/a>Gesch\u00e4ftsf\u00fchrer: Thomas EhrhardtUSt-IDNr. : DE 232549528HandelsregisterJena, HRB 6453<\/p>\n<p><!-- \/row --><\/p>\n","protected":false},"excerpt":{"rendered":"<p class=\"excerpt\">Impressum Magrec Recycling GmbHD-96524 F\u00f6ritztal OT F\u00f6ritz\/Th\u00fcringenSteinr\u00e4um 3Tel.: +49 (0) 36757579-48Fax.:+49 (0) 3675 7579-58e-mail:&nbsp;info@magrec.deInternet:&nbsp;www.magrec.deGesch\u00e4ftsf\u00fchrer: Thomas EhrhardtUSt-IDNr. : DE 232549528HandelsregisterJena, HRB 6453<\/p>\n","protected":false},"author":1,"featured_media":0,"parent":0,"menu_order":16,"comment_status":"closed","ping_status":"closed","template":"builder.php","meta":[],"_links":{"self":[{"href":"https:\/\/magrec.de\/index.php?rest_route=\/wp\/v2\/pages\/442"}],"collection":[{"href":"https:\/\/magrec.de\/index.php?rest_route=\/wp\/v2\/pages"}],"about":[{"href":"https:\/\/magrec.de\/index.php?rest_route=\/wp\/v2\/types\/page"}],"author":[{"embeddable":true,"href":"https:\/\/magrec.de\/index.php?rest_route=\/wp\/v2\/users\/1"}],"replies":[{"embeddable":true,"href":"https:\/\/magrec.de\/index.php?rest_route=%2Fwp%2Fv2%2Fcomments&post=442"}],"version-history":[{"count":3,"href":"https:\/\/magrec.de\/index.php?rest_route=\/wp\/v2\/pages\/442\/revisions"}],"predecessor-version":[{"id":730,"href":"https:\/\/magrec.de\/index.php?rest_route=\/wp\/v2\/pages\/442\/revisions\/730"}],"wp:attachment":[{"href":"https:\/\/magrec.de\/index.php?rest_route=%2Fwp%2Fv2%2Fmedia&parent=442"}],"curies":[{"name":"wp","href":"https:\/\/api.w.org\/{rel}","templated":true}]}}