{"id":436,"date":"2017-10-10T16:12:47","date_gmt":"2017-10-10T16:12:47","guid":{"rendered":"http:\/\/magrec.de\/?page_id=436"},"modified":"2022-01-03T12:45:35","modified_gmt":"2022-01-03T12:45:35","slug":"contact","status":"publish","type":"page","link":"https:\/\/magrec.de\/?page_id=436&lang=en","title":{"rendered":"Contact"},"content":{"rendered":"<p>Please contact us:<br \/>\n\t\t\t\t\t\t\t\t\t\t\t\t\t\t\t\t\t\t\t\t\t\tYour contact person:&nbsp;Helmut Ehrhardt (+49 (0) 3675 7579-40)Martin Maier (+49 (0) 3675 7579-43, Mobil +49 (0) 160 5889901)or use our contact form.<\/p>\n<p>Your name: (required)<\/p>\n<p>Your mail adress: (required)<\/p>\n<p>Subject<\/p>\n<p>Your message<\/p>\n<p><img decoding=\"async\" src=\"https:\/\/maps.googleapis.com\/maps\/api\/staticmap?center=D-96524 F\u00f6ritz, Steinr\u00e4um 3&amp;zoom=14&amp;size=1960x500&amp;scale=2&amp;markers=color:red|D-96524 F\u00f6ritz, Steinr\u00e4um 3\" \/><\/p>\n","protected":false},"excerpt":{"rendered":"<p class=\"excerpt\">Please contact us: Your contact person:&nbsp;Helmut Ehrhardt (+49 (0) 3675 7579-40)Martin Maier (+49 (0) 3675 7579-43, Mobil +49 (0) 160 5889901)or use our contact form. Your name: (required) Your mail adress: (required) Subject Your message<\/p>\n","protected":false},"author":1,"featured_media":0,"parent":0,"menu_order":13,"comment_status":"closed","ping_status":"closed","template":"builder.php","meta":[],"_links":{"self":[{"href":"https:\/\/magrec.de\/index.php?rest_route=\/wp\/v2\/pages\/436"}],"collection":[{"href":"https:\/\/magrec.de\/index.php?rest_route=\/wp\/v2\/pages"}],"about":[{"href":"https:\/\/magrec.de\/index.php?rest_route=\/wp\/v2\/types\/page"}],"author":[{"embeddable":true,"href":"https:\/\/magrec.de\/index.php?rest_route=\/wp\/v2\/users\/1"}],"replies":[{"embeddable":true,"href":"https:\/\/magrec.de\/index.php?rest_route=%2Fwp%2Fv2%2Fcomments&post=436"}],"version-history":[{"count":5,"href":"https:\/\/magrec.de\/index.php?rest_route=\/wp\/v2\/pages\/436\/revisions"}],"predecessor-version":[{"id":561,"href":"https:\/\/magrec.de\/index.php?rest_route=\/wp\/v2\/pages\/436\/revisions\/561"}],"wp:attachment":[{"href":"https:\/\/magrec.de\/index.php?rest_route=%2Fwp%2Fv2%2Fmedia&parent=436"}],"curies":[{"name":"wp","href":"https:\/\/api.w.org\/{rel}","templated":true}]}}