{"id":26,"date":"2017-05-11T08:00:16","date_gmt":"2017-05-11T08:00:16","guid":{"rendered":"http:\/\/magrec.de\/?page_id=26"},"modified":"2022-01-03T12:45:36","modified_gmt":"2022-01-03T12:45:36","slug":"beratung","status":"publish","type":"page","link":"https:\/\/magrec.de\/?page_id=26&lang=de","title":{"rendered":"Beratung"},"content":{"rendered":"<p><a href=\"#more\"><\/p>\n<p>Fachberatung f\u00fcr einen \u00f6kologischen und \u00f6konomischen Gewinn<br \/>\n\t\t\t\t\t\t\t\t\t\t\t\t\t\t\t\t\t\t\t\t\t\t\t\t\t\t\t\t\t\t\t\t\t\t\t\t\t\t\t\tWir erstellen gerne speziell f\u00fcr Ihr Unternehmen ein Entsorgungskonzept beim Umgang mit Ihren Magnesium-Abf\u00e4llen. Damit stellen Sie die Weichen f\u00fcr eine umweltgerechte Zukunft Ihres Unternehmens und einen wirtschaftlichen Erfolg.Die Magrec Recycling GmbH ist Mitglied der Europ\u00e4ischen Forschungsgemeinschaft Magnesiumguss EFM.Damit garantieren wir unseren Kunden, immer den neuesten, technischen Stand in unseren Prozessen anzuwenden.<\/p>\n<p><!-- .container --><br \/>\n\t\t\t\t\t\t\t\t <!-- .overlay --><\/p>\n<p><\/a><br \/>\n\t\t\t\t\t\t\t\t\t\t\t\t\t<a href=\"#more\"><\/p>\n<p>Fachberatung f\u00fcr einen \u00f6kologischen und \u00f6konomischen Gewinn<br \/>\n\t\t\t\t\t\t\t\t\t\t\t\t\t\t\t\t\t\t\t\t\t\t\t\t\t\t\t\t\t\t\t\t\t\t\t\t\t\t\t\tWir erstellen gerne speziell f\u00fcr Ihr Unternehmen ein Entsorgungskonzept beim Umgang mit Ihren Magnesium-Abf\u00e4llen. Damit stellen Sie die Weichen f\u00fcr eine umweltgerechte Zukunft Ihres Unternehmens und einen wirtschaftlichen Erfolg.Die Magrec Recycling GmbH ist Mitglied der Europ\u00e4ischen Forschungsgemeinschaft Magnesiumguss EFM.Damit garantieren wir unseren Kunden, immer den neuesten, technischen Stand in unseren Prozessen anzuwenden.<\/p>\n<p><!-- .container --><br \/>\n\t\t\t\t\t\t\t\t <!-- .overlay --><\/p>\n<p><\/a><\/p>\n","protected":false},"excerpt":{"rendered":"<p class=\"excerpt\">Fachberatung f\u00fcr einen \u00f6kologischen und \u00f6konomischen Gewinn Wir erstellen gerne speziell f\u00fcr Ihr Unternehmen ein Entsorgungskonzept beim Umgang mit Ihren Magnesium-Abf\u00e4llen. Damit stellen Sie die Weichen f\u00fcr eine umweltgerechte Zukunft Ihres Unternehmens und einen wirtschaftlichen Erfolg.Die Magrec Recycling GmbH ist Mitglied der Europ\u00e4ischen Forschungsgemeinschaft Magnesiumguss EFM.Damit garantieren wir unseren Kunden, immer den neuesten, technischen Stand [&hellip;]<\/p>\n","protected":false},"author":1,"featured_media":0,"parent":0,"menu_order":5,"comment_status":"closed","ping_status":"closed","template":"builder.php","meta":[],"_links":{"self":[{"href":"https:\/\/magrec.de\/index.php?rest_route=\/wp\/v2\/pages\/26"}],"collection":[{"href":"https:\/\/magrec.de\/index.php?rest_route=\/wp\/v2\/pages"}],"about":[{"href":"https:\/\/magrec.de\/index.php?rest_route=\/wp\/v2\/types\/page"}],"author":[{"embeddable":true,"href":"https:\/\/magrec.de\/index.php?rest_route=\/wp\/v2\/users\/1"}],"replies":[{"embeddable":true,"href":"https:\/\/magrec.de\/index.php?rest_route=%2Fwp%2Fv2%2Fcomments&post=26"}],"version-history":[{"count":110,"href":"https:\/\/magrec.de\/index.php?rest_route=\/wp\/v2\/pages\/26\/revisions"}],"predecessor-version":[{"id":755,"href":"https:\/\/magrec.de\/index.php?rest_route=\/wp\/v2\/pages\/26\/revisions\/755"}],"wp:attachment":[{"href":"https:\/\/magrec.de\/index.php?rest_route=%2Fwp%2Fv2%2Fmedia&parent=26"}],"curies":[{"name":"wp","href":"https:\/\/api.w.org\/{rel}","templated":true}]}}