{"id":24,"date":"2017-05-11T07:59:34","date_gmt":"2017-05-11T07:59:34","guid":{"rendered":"http:\/\/magrec.de\/?page_id=24"},"modified":"2022-01-03T12:45:36","modified_gmt":"2022-01-03T12:45:36","slug":"sicherheit","status":"publish","type":"page","link":"https:\/\/magrec.de\/?page_id=24&lang=de","title":{"rendered":"Sicherheit"},"content":{"rendered":"<p><a href=\"#more\"><\/p>\n<p>Sicherheit im Umgang mit Magnesium<br \/>\n\t\t\t\t\t\t\t\t\t\t\t\t\t\t\t\t\t\t\t\t\t\t\t\t\t\t\t\t\t\t\t\t\t\t\t\t\t\t\t\tWir sind uns unserer Verantwortung bewusst und garantieren gr\u00f6\u00dft m\u00f6gliche Sicherheit durch unser geschultes Fachpersonal. Unsere jahrelange Erfahrung hat uns f\u00fcr die m\u00f6glichen Gefahren im t\u00e4glichen Umgang mit Magnesium-Abf\u00e4llen sensibilisiert.\u00a0<\/p>\n<p><!-- .container --><br \/>\n\t\t\t\t\t\t\t\t <!-- .overlay --><\/p>\n<p><\/a><\/p>\n<p>Unsere aktuellen Sicherheitszertifikate\t\t\t\t\t\t\t\t<\/p>\n<p><img decoding=\"async\" loading=\"lazy\" width=\"1205\" height=\"1718\" src=\"https:\/\/magrec.de\/wp-content\/uploads\/2022\/01\/EfB-\u00dcberwachungszertifikat-Magrec-g\u00fcltig-bis-31.03.2023.jpg\" \/>\t\t\t\t<\/p>\n<p><!-- \/row --><\/p>\n","protected":false},"excerpt":{"rendered":"<p class=\"excerpt\">Sicherheit im Umgang mit Magnesium Wir sind uns unserer Verantwortung bewusst und garantieren gr\u00f6\u00dft m\u00f6gliche Sicherheit durch unser geschultes Fachpersonal. Unsere jahrelange Erfahrung hat uns f\u00fcr die m\u00f6glichen Gefahren im t\u00e4glichen Umgang mit Magnesium-Abf\u00e4llen sensibilisiert.\u00a0 Unsere aktuellen Sicherheitszertifikate<\/p>\n","protected":false},"author":1,"featured_media":0,"parent":0,"menu_order":4,"comment_status":"closed","ping_status":"closed","template":"builder.php","meta":[],"_links":{"self":[{"href":"https:\/\/magrec.de\/index.php?rest_route=\/wp\/v2\/pages\/24"}],"collection":[{"href":"https:\/\/magrec.de\/index.php?rest_route=\/wp\/v2\/pages"}],"about":[{"href":"https:\/\/magrec.de\/index.php?rest_route=\/wp\/v2\/types\/page"}],"author":[{"embeddable":true,"href":"https:\/\/magrec.de\/index.php?rest_route=\/wp\/v2\/users\/1"}],"replies":[{"embeddable":true,"href":"https:\/\/magrec.de\/index.php?rest_route=%2Fwp%2Fv2%2Fcomments&post=24"}],"version-history":[{"count":19,"href":"https:\/\/magrec.de\/index.php?rest_route=\/wp\/v2\/pages\/24\/revisions"}],"predecessor-version":[{"id":756,"href":"https:\/\/magrec.de\/index.php?rest_route=\/wp\/v2\/pages\/24\/revisions\/756"}],"wp:attachment":[{"href":"https:\/\/magrec.de\/index.php?rest_route=%2Fwp%2Fv2%2Fmedia&parent=24"}],"curies":[{"name":"wp","href":"https:\/\/api.w.org\/{rel}","templated":true}]}}