{"id":22,"date":"2017-05-11T07:59:04","date_gmt":"2017-05-11T07:59:04","guid":{"rendered":"http:\/\/magrec.de\/?page_id=22"},"modified":"2022-01-03T12:45:36","modified_gmt":"2022-01-03T12:45:36","slug":"leistungen","status":"publish","type":"page","link":"https:\/\/magrec.de\/?page_id=22&lang=de","title":{"rendered":"Leistungen"},"content":{"rendered":"<p>Unsere Leistungen<br \/>\n\t\t\t\t\t\t\t\t\t\t\t\t\t\t\t\t\t\t\t\t\t\tAls spezialisierter Fachbetrieb f\u00fcr die Verwertung aller Magnesium-Abf\u00e4lle bieten wir f\u00fcr Sie die n\u00f6tigen Leistungen an:<\/p>\n<p><a href=\"https:\/\/magrec.de\/?page_id=50&#038;lang=de\"><br \/>\n\t\t\t\t\t\t\t<img decoding=\"async\" loading=\"lazy\" width=\"300\" height=\"300\" src=\"https:\/\/magrec.de\/wp-content\/uploads\/2017\/05\/Spaene-berab01.jpg\" \/>\t\t\t\t\t\t<\/a><\/p>\n<p><a href=\"https:\/\/magrec.de\/?page_id=50&#038;lang=de\"><br \/>\n\t\t\t\t\t\t\t\t\t\t\t\t\t\t\t\t\t\t\t\t\t\t\t\t\t\t\t\t\tMagnesium Sp\u00e4ne\t\t\t\t\t\t\t\t\t\t\t\t\t\t\t\t\t\t\t\t\t\t\t\t\t\t\t\t\t<\/a><\/p>\n<p><a href=\"https:\/\/magrec.de\/?page_id=50&#038;lang=de\"><br \/>\n\t\t\t\t\t\t\t\t\t\t\t\t\t\tDetails\t\t\t\t\t\t\t\t\t\t\t\t\t<\/a><\/p>\n<p><a href=\"https:\/\/magrec.de\/?page_id=48&#038;lang=de\"><br \/>\n\t\t\t\t\t\t\t<img decoding=\"async\" loading=\"lazy\" width=\"300\" height=\"300\" src=\"https:\/\/magrec.de\/wp-content\/uploads\/2017\/05\/Mg-Kehricht-bearb02.jpg\" \/>\t\t\t\t\t\t<\/a><\/p>\n<p><a href=\"https:\/\/magrec.de\/?page_id=48&#038;lang=de\"><br \/>\n\t\t\t\t\t\t\t\t\t\t\t\t\t\t\t\t\t\t\t\t\t\t\t\t\t\t\t\t\tEntsorgung\t\t\t\t\t\t\t\t\t\t\t\t\t\t\t\t\t\t\t\t\t\t\t\t\t\t\t\t\t<\/a><\/p>\n<p><a href=\"https:\/\/magrec.de\/?page_id=48&#038;lang=de\"><br \/>\n\t\t\t\t\t\t\t\t\t\t\t\t\t\tDetails\t\t\t\t\t\t\t\t\t\t\t\t\t<\/a><\/p>\n<p><a href=\"https:\/\/magrec.de\/?page_id=46&#038;lang=de\"><br \/>\n\t\t\t\t\t\t\t<img decoding=\"async\" loading=\"lazy\" width=\"300\" height=\"300\" src=\"https:\/\/magrec.de\/wp-content\/uploads\/2017\/05\/DSC_0314-berab02.jpg\" \/>\t\t\t\t\t\t<\/a><\/p>\n<p><a href=\"https:\/\/magrec.de\/?page_id=46&#038;lang=de\"><br \/>\n\t\t\t\t\t\t\t\t\t\t\t\t\t\t\t\t\t\t\t\t\t\t\t\t\t\t\t\t\t\u00d6ltrennung\t\t\t\t\t\t\t\t\t\t\t\t\t\t\t\t\t\t\t\t\t\t\t\t\t\t\t\t\t<\/a><\/p>\n<p><a href=\"https:\/\/magrec.de\/?page_id=46&#038;lang=de\"><br \/>\n\t\t\t\t\t\t\t\t\t\t\t\t\t\tDetails\t\t\t\t\t\t\t\t\t\t\t\t\t<\/a><\/p>\n<p><a href=\"https:\/\/magrec.de\/?page_id=44&#038;lang=de\"><br \/>\n\t\t\t\t\t\t\t<img decoding=\"async\" loading=\"lazy\" width=\"300\" height=\"300\" src=\"https:\/\/magrec.de\/wp-content\/uploads\/2017\/05\/DSC_0293-bearb02.jpg\" \/>\t\t\t\t\t\t<\/a><\/p>\n<p><a href=\"https:\/\/magrec.de\/?page_id=44&#038;lang=de\"><br \/>\n\t\t\t\t\t\t\t\t\t\t\t\t\t\t\t\t\t\t\t\t\t\t\t\t\t\t\t\t\tBrikettierung &amp; Wiedergewinnung\t\t\t\t\t\t\t\t\t\t\t\t\t\t\t\t\t\t\t\t\t\t\t\t\t\t\t\t\t<\/a><\/p>\n<p><a href=\"https:\/\/magrec.de\/?page_id=44&#038;lang=de\"><br \/>\n\t\t\t\t\t\t\t\t\t\t\t\t\t\tDetails\t\t\t\t\t\t\t\t\t\t\t\t\t<\/a><\/p>\n<p><!-- \/row --><\/p>\n","protected":false},"excerpt":{"rendered":"<p class=\"excerpt\">Unsere Leistungen Als spezialisierter Fachbetrieb f\u00fcr die Verwertung aller Magnesium-Abf\u00e4lle bieten wir f\u00fcr Sie die n\u00f6tigen Leistungen an: Magnesium Sp\u00e4ne Details Entsorgung Details \u00d6ltrennung Details Brikettierung &amp; Wiedergewinnung Details<\/p>\n","protected":false},"author":1,"featured_media":0,"parent":0,"menu_order":2,"comment_status":"closed","ping_status":"closed","template":"builder.php","meta":[],"_links":{"self":[{"href":"https:\/\/magrec.de\/index.php?rest_route=\/wp\/v2\/pages\/22"}],"collection":[{"href":"https:\/\/magrec.de\/index.php?rest_route=\/wp\/v2\/pages"}],"about":[{"href":"https:\/\/magrec.de\/index.php?rest_route=\/wp\/v2\/types\/page"}],"author":[{"embeddable":true,"href":"https:\/\/magrec.de\/index.php?rest_route=\/wp\/v2\/users\/1"}],"replies":[{"embeddable":true,"href":"https:\/\/magrec.de\/index.php?rest_route=%2Fwp%2Fv2%2Fcomments&post=22"}],"version-history":[{"count":13,"href":"https:\/\/magrec.de\/index.php?rest_route=\/wp\/v2\/pages\/22\/revisions"}],"predecessor-version":[{"id":690,"href":"https:\/\/magrec.de\/index.php?rest_route=\/wp\/v2\/pages\/22\/revisions\/690"}],"wp:attachment":[{"href":"https:\/\/magrec.de\/index.php?rest_route=%2Fwp%2Fv2%2Fmedia&parent=22"}],"curies":[{"name":"wp","href":"https:\/\/api.w.org\/{rel}","templated":true}]}}