{"id":20,"date":"2017-05-11T07:58:08","date_gmt":"2017-05-11T07:58:08","guid":{"rendered":"http:\/\/magrec.de\/?page_id=20"},"modified":"2022-01-03T12:45:36","modified_gmt":"2022-01-03T12:45:36","slug":"unternehmen","status":"publish","type":"page","link":"https:\/\/magrec.de\/?page_id=20&lang=de","title":{"rendered":"Kontakt"},"content":{"rendered":"<p>Nehmen Sie bitte Kontakt mit uns auf:<br \/>\n\t\t\t\t\t\t\t\t\t\t\t\t\t\t\t\t\t\t\t\t\t\tIhre Ansprechpartner:&nbsp;Helmut Ehrhardt (+49 (0) 3675 7579-40)Martin Maier (+49 (0) 3675 7579-43, Mobil +49 (0) 160 5889901)oder nutzen Sie unser Kontaktformular:<\/p>\n<p>Ihr Name (Pflichtfeld)<\/p>\n<p>Ihre Email (Pflichtfeld)<\/p>\n<p>Betreff<\/p>\n<p>Ihre Nachricht<\/p>\n<p><img decoding=\"async\" src=\"https:\/\/maps.googleapis.com\/maps\/api\/staticmap?center=D-96524 F\u00f6ritz, Steinr\u00e4um 3&amp;zoom=14&amp;size=1960x500&amp;scale=2&amp;markers=color:red|D-96524 F\u00f6ritz, Steinr\u00e4um 3\" \/><\/p>\n","protected":false},"excerpt":{"rendered":"<p class=\"excerpt\">Nehmen Sie bitte Kontakt mit uns auf: Ihre Ansprechpartner:&nbsp;Helmut Ehrhardt (+49 (0) 3675 7579-40)Martin Maier (+49 (0) 3675 7579-43, Mobil +49 (0) 160 5889901)oder nutzen Sie unser Kontaktformular: Ihr Name (Pflichtfeld) Ihre Email (Pflichtfeld) Betreff Ihre Nachricht<\/p>\n","protected":false},"author":1,"featured_media":0,"parent":0,"menu_order":3,"comment_status":"closed","ping_status":"closed","template":"builder.php","meta":[],"_links":{"self":[{"href":"https:\/\/magrec.de\/index.php?rest_route=\/wp\/v2\/pages\/20"}],"collection":[{"href":"https:\/\/magrec.de\/index.php?rest_route=\/wp\/v2\/pages"}],"about":[{"href":"https:\/\/magrec.de\/index.php?rest_route=\/wp\/v2\/types\/page"}],"author":[{"embeddable":true,"href":"https:\/\/magrec.de\/index.php?rest_route=\/wp\/v2\/users\/1"}],"replies":[{"embeddable":true,"href":"https:\/\/magrec.de\/index.php?rest_route=%2Fwp%2Fv2%2Fcomments&post=20"}],"version-history":[{"count":7,"href":"https:\/\/magrec.de\/index.php?rest_route=\/wp\/v2\/pages\/20\/revisions"}],"predecessor-version":[{"id":342,"href":"https:\/\/magrec.de\/index.php?rest_route=\/wp\/v2\/pages\/20\/revisions\/342"}],"wp:attachment":[{"href":"https:\/\/magrec.de\/index.php?rest_route=%2Fwp%2Fv2%2Fmedia&parent=20"}],"curies":[{"name":"wp","href":"https:\/\/api.w.org\/{rel}","templated":true}]}}